{"id":2,"date":"2023-08-03T10:45:09","date_gmt":"2023-08-03T10:45:09","guid":{"rendered":"http:\/\/likeathome.cambia-marketing.it\/?page_id=2"},"modified":"2024-05-10T08:53:24","modified_gmt":"2024-05-10T08:53:24","slug":"sample-page","status":"publish","type":"page","link":"https:\/\/vassallocollection.it\/en\/","title":{"rendered":"Home Page"},"content":{"rendered":"<div data-elementor-type=\"wp-page\" data-elementor-id=\"2\" class=\"elementor elementor-2\" data-elementor-post-type=\"page\">\n\t\t\t\t<div class=\"elementor-element elementor-element-6e1f233 e-con-full e-flex e-con e-parent\" data-id=\"6e1f233\" data-element_type=\"container\" data-settings=\"{&quot;content_width&quot;:&quot;full&quot;,&quot;background_background&quot;:&quot;classic&quot;}\" data-core-v316-plus=\"true\">\n\t\t\t\t<div class=\"elementor-element elementor-element-5a600d2 elementor-widget elementor-widget-heading\" data-id=\"5a600d2\" data-element_type=\"widget\" data-widget_type=\"heading.default\">\n\t\t\t\t<div class=\"elementor-widget-container\">\n\t\t\t<style>\/*! elementor - v3.19.0 - 28-02-2024 *\/\n.elementor-heading-title{padding:0;margin:0;line-height:1}.elementor-widget-heading .elementor-heading-title[class*=elementor-size-]>a{color:inherit;font-size:inherit;line-height:inherit}.elementor-widget-heading .elementor-heading-title.elementor-size-small{font-size:15px}.elementor-widget-heading .elementor-heading-title.elementor-size-medium{font-size:19px}.elementor-widget-heading .elementor-heading-title.elementor-size-large{font-size:29px}.elementor-widget-heading .elementor-heading-title.elementor-size-xl{font-size:39px}.elementor-widget-heading .elementor-heading-title.elementor-size-xxl{font-size:59px}<\/style><h2 class=\"elementor-heading-title elementor-size-default\">vassallo collection<\/h2>\t\t<\/div>\n\t\t\t\t<\/div>\n\t\t\t\t<div class=\"elementor-element elementor-element-8dbf405 elementor-widget elementor-widget-heading\" data-id=\"8dbf405\" data-element_type=\"widget\" data-widget_type=\"heading.default\">\n\t\t\t\t<div class=\"elementor-widget-container\">\n\t\t\t<h2 class=\"elementor-heading-title elementor-size-default\">Room renting in Rome<\/h2>\t\t<\/div>\n\t\t\t\t<\/div>\n\t\t\t\t<\/div>\n\t\t<div class=\"elementor-element elementor-element-bc99a59 e-con-full e-flex e-con e-parent\" data-id=\"bc99a59\" data-element_type=\"container\" data-settings=\"{&quot;content_width&quot;:&quot;full&quot;}\" data-core-v316-plus=\"true\">\n\t\t<div class=\"elementor-element elementor-element-eec5ea4 e-con-full e-flex e-con e-child\" data-id=\"eec5ea4\" data-element_type=\"container\" data-settings=\"{&quot;content_width&quot;:&quot;full&quot;,&quot;background_background&quot;:&quot;classic&quot;}\">\n\t\t\t\t<div class=\"elementor-element elementor-element-3114a7b elementor-hidden-tablet elementor-hidden-mobile elementor-widget elementor-widget-heading\" data-id=\"3114a7b\" data-element_type=\"widget\" data-widget_type=\"heading.default\">\n\t\t\t\t<div class=\"elementor-widget-container\">\n\t\t\t<h2 class=\"elementor-heading-title elementor-size-default\">guesthouse vassallo uno<\/h2>\t\t<\/div>\n\t\t\t\t<\/div>\n\t\t\t\t<div class=\"elementor-element elementor-element-64a810e elementor-hidden-desktop elementor-widget elementor-widget-heading\" data-id=\"64a810e\" data-element_type=\"widget\" data-widget_type=\"heading.default\">\n\t\t\t\t<div class=\"elementor-widget-container\">\n\t\t\t<h2 class=\"elementor-heading-title elementor-size-default\">guesthouse <br>vassallo uno<\/h2>\t\t<\/div>\n\t\t\t\t<\/div>\n\t\t\t\t<div class=\"elementor-element elementor-element-492852e elementor-invisible elementor-widget elementor-widget-image\" data-id=\"492852e\" data-element_type=\"widget\" data-settings=\"{&quot;_animation&quot;:&quot;slideInUp&quot;,&quot;_animation_delay&quot;:400}\" data-widget_type=\"image.default\">\n\t\t\t\t<div class=\"elementor-widget-container\">\n\t\t\t<style>\/*! elementor - v3.19.0 - 28-02-2024 *\/\n.elementor-widget-image{text-align:center}.elementor-widget-image a{display:inline-block}.elementor-widget-image a img[src$=\".svg\"]{width:48px}.elementor-widget-image img{vertical-align:middle;display:inline-block}<\/style>\t\t\t\t\t\t\t\t\t\t<img fetchpriority=\"high\" decoding=\"async\" width=\"607\" height=\"824\" src=\"https:\/\/vassallocollection.it\/wp-content\/uploads\/2024\/03\/house-vassallouno.png\" class=\"attachment-full size-full wp-image-1330\" alt=\"\" srcset=\"https:\/\/vassallocollection.it\/wp-content\/uploads\/2024\/03\/house-vassallouno.png 607w, https:\/\/vassallocollection.it\/wp-content\/uploads\/2024\/03\/house-vassallouno-221x300.png 221w, https:\/\/vassallocollection.it\/wp-content\/uploads\/2024\/03\/house-vassallouno-9x12.png 9w\" sizes=\"(max-width: 607px) 100vw, 607px\" \/>\t\t\t\t\t\t\t\t\t\t\t\t\t<\/div>\n\t\t\t\t<\/div>\n\t\t\t\t<div class=\"elementor-element elementor-element-da45ef1 elementor-widget elementor-widget-heading\" data-id=\"da45ef1\" data-element_type=\"widget\" data-widget_type=\"heading.default\">\n\t\t\t\t<div class=\"elementor-widget-container\">\n\t\t\t<h2 class=\"elementor-heading-title elementor-size-default\"><a href=\"https:\/\/vassallocollection.it\/en\/guesthouse-vassallo-uno\/\">discover<\/a><\/h2>\t\t<\/div>\n\t\t\t\t<\/div>\n\t\t\t\t<div class=\"elementor-element elementor-element-5c49dca elementor-align-center elementor-widget elementor-widget-button\" data-id=\"5c49dca\" data-element_type=\"widget\" data-widget_type=\"button.default\">\n\t\t\t\t<div class=\"elementor-widget-container\">\n\t\t\t\t\t<div class=\"elementor-button-wrapper\">\n\t\t\t<a class=\"elementor-button elementor-button-link elementor-size-sm\" href=\"https:\/\/www.bed-and-breakfast.it\/it\/lazio\/al-dieci-roma\/52965\" target=\"_blank\" rel=\"noopener\">\n\t\t\t\t\t\t<span class=\"elementor-button-content-wrapper\">\n\t\t\t\t\t\t<span class=\"elementor-button-icon elementor-align-icon-right\">\n\t\t\t\t<svg xmlns=\"http:\/\/www.w3.org\/2000\/svg\" width=\"38.001\" height=\"30.828\" viewbox=\"0 0 38.001 30.828\"><g id=\"arrow-right-outline\" transform=\"translate(-4.999 -8.586)\"><path id=\"Tracciato_27\" data-name=\"Tracciato 27\" d=\"M6,24.025,41.578,24\" fill=\"none\" stroke=\"#272623\" stroke-linecap=\"round\" stroke-linejoin=\"round\" stroke-width=\"2\"><\/path><path id=\"Tracciato_28\" data-name=\"Tracciato 28\" d=\"M28.025,38,42,24,28.025,10\" fill=\"none\" stroke=\"#272623\" stroke-linecap=\"round\" stroke-linejoin=\"round\" stroke-width=\"2\"><\/path><\/g><\/svg>\t\t\t<\/span>\n\t\t\t\t\t\t<span class=\"elementor-button-text\">Check Availability<\/span>\n\t\t<\/span>\n\t\t\t\t\t<\/a>\n\t\t<\/div>\n\t\t\t\t<\/div>\n\t\t\t\t<\/div>\n\t\t\t\t<\/div>\n\t\t<div class=\"elementor-element elementor-element-a556e86 e-con-full e-flex e-con e-child\" data-id=\"a556e86\" data-element_type=\"container\" data-settings=\"{&quot;content_width&quot;:&quot;full&quot;,&quot;background_background&quot;:&quot;classic&quot;}\">\n\t\t\t\t<div class=\"elementor-element elementor-element-a988c0a elementor-hidden-tablet elementor-hidden-mobile elementor-widget elementor-widget-heading\" data-id=\"a988c0a\" data-element_type=\"widget\" data-widget_type=\"heading.default\">\n\t\t\t\t<div class=\"elementor-widget-container\">\n\t\t\t<h2 class=\"elementor-heading-title elementor-size-default\">guesthouse vassallo due<\/h2>\t\t<\/div>\n\t\t\t\t<\/div>\n\t\t\t\t<div class=\"elementor-element elementor-element-8330bbf elementor-hidden-desktop elementor-widget elementor-widget-heading\" data-id=\"8330bbf\" data-element_type=\"widget\" data-widget_type=\"heading.default\">\n\t\t\t\t<div class=\"elementor-widget-container\">\n\t\t\t<h2 class=\"elementor-heading-title elementor-size-default\">guesthouse <br>vassallo due<\/h2>\t\t<\/div>\n\t\t\t\t<\/div>\n\t\t\t\t<div class=\"elementor-element elementor-element-e12b4fd elementor-invisible elementor-widget elementor-widget-image\" data-id=\"e12b4fd\" data-element_type=\"widget\" data-settings=\"{&quot;_animation&quot;:&quot;slideInUp&quot;,&quot;_animation_delay&quot;:400}\" data-widget_type=\"image.default\">\n\t\t\t\t<div class=\"elementor-widget-container\">\n\t\t\t\t\t\t\t\t\t\t\t\t\t<img decoding=\"async\" width=\"1213\" height=\"1648\" src=\"https:\/\/vassallocollection.it\/wp-content\/uploads\/2024\/02\/house-due.png\" class=\"attachment-full size-full wp-image-880\" alt=\"\" srcset=\"https:\/\/vassallocollection.it\/wp-content\/uploads\/2024\/02\/house-due.png 1213w, https:\/\/vassallocollection.it\/wp-content\/uploads\/2024\/02\/house-due-221x300.png 221w, https:\/\/vassallocollection.it\/wp-content\/uploads\/2024\/02\/house-due-754x1024.png 754w, https:\/\/vassallocollection.it\/wp-content\/uploads\/2024\/02\/house-due-768x1043.png 768w, https:\/\/vassallocollection.it\/wp-content\/uploads\/2024\/02\/house-due-1131x1536.png 1131w, https:\/\/vassallocollection.it\/wp-content\/uploads\/2024\/02\/house-due-9x12.png 9w\" sizes=\"(max-width: 1213px) 100vw, 1213px\" \/>\t\t\t\t\t\t\t\t\t\t\t\t\t<\/div>\n\t\t\t\t<\/div>\n\t\t\t\t<div class=\"elementor-element elementor-element-2a55f6c elementor-widget elementor-widget-heading\" data-id=\"2a55f6c\" data-element_type=\"widget\" data-widget_type=\"heading.default\">\n\t\t\t\t<div class=\"elementor-widget-container\">\n\t\t\t<h2 class=\"elementor-heading-title elementor-size-default\"><a href=\"https:\/\/vassallocollection.it\/en\/guesthouse-vassallo-due\/\">discover<\/a><\/h2>\t\t<\/div>\n\t\t\t\t<\/div>\n\t\t\t\t<div class=\"elementor-element elementor-element-b30d861 elementor-align-center elementor-widget elementor-widget-button\" data-id=\"b30d861\" data-element_type=\"widget\" data-widget_type=\"button.default\">\n\t\t\t\t<div class=\"elementor-widget-container\">\n\t\t\t\t\t<div class=\"elementor-button-wrapper\">\n\t\t\t<a class=\"elementor-button elementor-button-link elementor-size-sm\" href=\"https:\/\/www.bed-and-breakfast.it\/it\/lazio\/bb-roma\/28177\" target=\"_blank\" rel=\"noopener\">\n\t\t\t\t\t\t<span class=\"elementor-button-content-wrapper\">\n\t\t\t\t\t\t<span class=\"elementor-button-icon elementor-align-icon-right\">\n\t\t\t\t<svg xmlns=\"http:\/\/www.w3.org\/2000\/svg\" width=\"38.001\" height=\"30.828\" viewbox=\"0 0 38.001 30.828\"><g id=\"arrow-right-outline\" transform=\"translate(-4.999 -8.586)\"><path id=\"Tracciato_27\" data-name=\"Tracciato 27\" d=\"M6,24.025,41.578,24\" fill=\"none\" stroke=\"#272623\" stroke-linecap=\"round\" stroke-linejoin=\"round\" stroke-width=\"2\"><\/path><path id=\"Tracciato_28\" data-name=\"Tracciato 28\" d=\"M28.025,38,42,24,28.025,10\" fill=\"none\" stroke=\"#272623\" stroke-linecap=\"round\" stroke-linejoin=\"round\" stroke-width=\"2\"><\/path><\/g><\/svg>\t\t\t<\/span>\n\t\t\t\t\t\t<span class=\"elementor-button-text\">Check Availability<\/span>\n\t\t<\/span>\n\t\t\t\t\t<\/a>\n\t\t<\/div>\n\t\t\t\t<\/div>\n\t\t\t\t<\/div>\n\t\t\t\t<\/div>\n\t\t<div class=\"elementor-element elementor-element-85e346c e-con-full e-flex e-con e-child\" data-id=\"85e346c\" data-element_type=\"container\" data-settings=\"{&quot;content_width&quot;:&quot;full&quot;,&quot;background_background&quot;:&quot;classic&quot;}\">\n\t\t\t\t<div class=\"elementor-element elementor-element-e5082f5 elementor-hidden-tablet elementor-hidden-mobile elementor-widget elementor-widget-heading\" data-id=\"e5082f5\" data-element_type=\"widget\" data-widget_type=\"heading.default\">\n\t\t\t\t<div class=\"elementor-widget-container\">\n\t\t\t<h2 class=\"elementor-heading-title elementor-size-default\">guesthouse vassallo tre<\/h2>\t\t<\/div>\n\t\t\t\t<\/div>\n\t\t\t\t<div class=\"elementor-element elementor-element-f2863c0 elementor-hidden-desktop elementor-widget elementor-widget-heading\" data-id=\"f2863c0\" data-element_type=\"widget\" data-widget_type=\"heading.default\">\n\t\t\t\t<div class=\"elementor-widget-container\">\n\t\t\t<h2 class=\"elementor-heading-title elementor-size-default\">guesthouse <br>vassallo tre<\/h2>\t\t<\/div>\n\t\t\t\t<\/div>\n\t\t\t\t<div class=\"elementor-element elementor-element-1e3866f elementor-invisible elementor-widget elementor-widget-image\" data-id=\"1e3866f\" data-element_type=\"widget\" data-settings=\"{&quot;_animation&quot;:&quot;slideInUp&quot;,&quot;_animation_delay&quot;:400}\" data-widget_type=\"image.default\">\n\t\t\t\t<div class=\"elementor-widget-container\">\n\t\t\t\t\t\t\t\t\t\t\t\t\t<img decoding=\"async\" width=\"1123\" height=\"1563\" src=\"https:\/\/vassallocollection.it\/wp-content\/uploads\/2024\/04\/VASALLO-3.png\" class=\"attachment-full size-full wp-image-1605\" alt=\"\" srcset=\"https:\/\/vassallocollection.it\/wp-content\/uploads\/2024\/04\/VASALLO-3.png 1123w, https:\/\/vassallocollection.it\/wp-content\/uploads\/2024\/04\/VASALLO-3-216x300.png 216w, https:\/\/vassallocollection.it\/wp-content\/uploads\/2024\/04\/VASALLO-3-736x1024.png 736w, https:\/\/vassallocollection.it\/wp-content\/uploads\/2024\/04\/VASALLO-3-768x1069.png 768w, https:\/\/vassallocollection.it\/wp-content\/uploads\/2024\/04\/VASALLO-3-1104x1536.png 1104w, https:\/\/vassallocollection.it\/wp-content\/uploads\/2024\/04\/VASALLO-3-9x12.png 9w\" sizes=\"(max-width: 1123px) 100vw, 1123px\" \/>\t\t\t\t\t\t\t\t\t\t\t\t\t<\/div>\n\t\t\t\t<\/div>\n\t\t\t\t<div class=\"elementor-element elementor-element-c23a307 elementor-widget elementor-widget-heading\" data-id=\"c23a307\" data-element_type=\"widget\" data-widget_type=\"heading.default\">\n\t\t\t\t<div class=\"elementor-widget-container\">\n\t\t\t<h2 class=\"elementor-heading-title elementor-size-default\"><a href=\"https:\/\/vassallocollection.it\/en\/guesthouse-vassallo-tre\/\">discover<\/a><\/h2>\t\t<\/div>\n\t\t\t\t<\/div>\n\t\t\t\t<div class=\"elementor-element elementor-element-f1ca83f elementor-align-center elementor-widget elementor-widget-button\" data-id=\"f1ca83f\" data-element_type=\"widget\" data-widget_type=\"button.default\">\n\t\t\t\t<div class=\"elementor-widget-container\">\n\t\t\t\t\t<div class=\"elementor-button-wrapper\">\n\t\t\t<a class=\"elementor-button elementor-button-link elementor-size-sm\" href=\"https:\/\/www.bed-and-breakfast.it\/it\/lazio\/guesthouse-vassallo-tre-roma\/62568\" target=\"_blank\" rel=\"noopener\">\n\t\t\t\t\t\t<span class=\"elementor-button-content-wrapper\">\n\t\t\t\t\t\t<span class=\"elementor-button-icon elementor-align-icon-right\">\n\t\t\t\t<svg xmlns=\"http:\/\/www.w3.org\/2000\/svg\" width=\"38.001\" height=\"30.828\" viewbox=\"0 0 38.001 30.828\"><g id=\"arrow-right-outline\" transform=\"translate(-4.999 -8.586)\"><path id=\"Tracciato_27\" data-name=\"Tracciato 27\" d=\"M6,24.025,41.578,24\" fill=\"none\" stroke=\"#272623\" stroke-linecap=\"round\" stroke-linejoin=\"round\" stroke-width=\"2\"><\/path><path id=\"Tracciato_28\" data-name=\"Tracciato 28\" d=\"M28.025,38,42,24,28.025,10\" fill=\"none\" stroke=\"#272623\" stroke-linecap=\"round\" stroke-linejoin=\"round\" stroke-width=\"2\"><\/path><\/g><\/svg>\t\t\t<\/span>\n\t\t\t\t\t\t<span class=\"elementor-button-text\">Check Availability<\/span>\n\t\t<\/span>\n\t\t\t\t\t<\/a>\n\t\t<\/div>\n\t\t\t\t<\/div>\n\t\t\t\t<\/div>\n\t\t\t\t<\/div>\n\t\t\t\t<\/div>\n\t\t\t\t<\/div>","protected":false},"excerpt":{"rendered":"<p>vassallo collection Affittacamere a Roma guesthouse vassallo uno guesthouse vassallo uno scopri Verifica Disponibilit\u00e0 guesthouse vassallo due guesthouse vassallo due scopri Verifica Disponibilit\u00e0 guesthouse vassallo tre guesthouse vassallo tre scopri Verifica Disponibilit\u00e0<\/p>","protected":false},"author":1,"featured_media":0,"parent":0,"menu_order":0,"comment_status":"closed","ping_status":"open","template":"elementor_header_footer","meta":{"footnotes":""},"class_list":["post-2","page","type-page","status-publish","hentry"],"_links":{"self":[{"href":"https:\/\/vassallocollection.it\/en\/wp-json\/wp\/v2\/pages\/2","targetHints":{"allow":["GET"]}}],"collection":[{"href":"https:\/\/vassallocollection.it\/en\/wp-json\/wp\/v2\/pages"}],"about":[{"href":"https:\/\/vassallocollection.it\/en\/wp-json\/wp\/v2\/types\/page"}],"author":[{"embeddable":true,"href":"https:\/\/vassallocollection.it\/en\/wp-json\/wp\/v2\/users\/1"}],"replies":[{"embeddable":true,"href":"https:\/\/vassallocollection.it\/en\/wp-json\/wp\/v2\/comments?post=2"}],"version-history":[{"count":504,"href":"https:\/\/vassallocollection.it\/en\/wp-json\/wp\/v2\/pages\/2\/revisions"}],"predecessor-version":[{"id":1618,"href":"https:\/\/vassallocollection.it\/en\/wp-json\/wp\/v2\/pages\/2\/revisions\/1618"}],"wp:attachment":[{"href":"https:\/\/vassallocollection.it\/en\/wp-json\/wp\/v2\/media?parent=2"}],"curies":[{"name":"wp","href":"https:\/\/api.w.org\/{rel}","templated":true}]}}